{"id":1221,"date":"2025-01-31T10:44:31","date_gmt":"2025-01-31T09:44:31","guid":{"rendered":"https:\/\/shockwave-clad.com\/politica-de-privacidad\/"},"modified":"2026-04-27T10:14:59","modified_gmt":"2026-04-27T08:14:59","slug":"politica-de-privacidad","status":"publish","type":"page","link":"https:\/\/shockwave-clad.com\/es\/politica-de-privacidad\/","title":{"rendered":"Pol\u00edtica de privacidad"},"content":{"rendered":"<p>[et_pb_section fb_built=\u00bb1&#8243; admin_label=\u00bbHeader &#038; Contact Info\u00bb _builder_version=\u00bb4.22.0&#8243; _module_preset=\u00bbdefault\u00bb collapsed=\u00bbon\u00bb global_colors_info=\u00bb{}\u00bb][et_pb_row _builder_version=\u00bb4.22.0&#8243; _module_preset=\u00bbdefault\u00bb global_colors_info=\u00bb{}\u00bb][et_pb_column type=\u00bb4_4&#8243; _builder_version=\u00bb4.22.0&#8243; _module_preset=\u00bbdefault\u00bb global_colors_info=\u00bb{}\u00bb][et_pb_text _builder_version=\u00bb4.27.4&#8243; _dynamic_attributes=\u00bbcontent\u00bb _module_preset=\u00bb_initial\u00bb header_font=\u00bbBaskervville||||||||\u00bb header_font_size=\u00bb72px\u00bb header_line_height=\u00bb1.1em\u00bb header_font_size_tablet=\u00bb40px\u00bb header_font_size_phone=\u00bb24px\u00bb header_font_size_last_edited=\u00bbon|desktop\u00bb global_colors_info=\u00bb{}\u00bb]@ET-DC@eyJkeW5hbWljIjp0cnVlLCJjb250ZW50IjoicG9zdF90aXRsZSIsInNldHRpbmdzIjp7ImJlZm9yZSI6IjxoMT4iLCJhZnRlciI6IjwvaDE+In19@[\/et_pb_text][et_pb_text _builder_version=\u00bb4.27.4&#8243; _module_preset=\u00bbdefault\u00bb global_colors_info=\u00bb{}\u00bb]<\/p>\n<p><strong>Informaci\u00f3n en cumplimiento de la normativa de protecci\u00f3n de datos personales<\/strong><\/p>\n<p>En Europa y en Espa\u00f1a existen normas de Protecci\u00f3n de Datos pensadas para proteger su informaci\u00f3n personal de obligado cumplimiento para nuestra entidad.<\/p>\n<p>Por ello, es muy importante para nosotros que entienda perfectamente qu\u00e9 vamos a hacer con los datos personales que le pedimos. As\u00ed, seremos transparentes y le daremos el control de sus datos, con un lenguaje sencillo y opciones claras que le permitir\u00e1n decidir qu\u00e9 haremos con su informaci\u00f3n personal.<\/p>\n<p>Por favor, si una vez le\u00edda la presente informaci\u00f3n le queda alguna duda, no dude en preguntarnos.<\/p>\n<p>Muchas gracias por su colaboraci\u00f3n.<\/p>\n<p><strong>\u00bfQui\u00e9nes somos?<\/strong><\/p>\n<p>Nuestra denominaci\u00f3n:&nbsp;<\/p>\n<p>Shockwave Metalworking Technologies BV \u2013 <strong>NL001378156B01<\/strong><br \/>Actividad \/ Objeto Social: Servicios Jur\u00eddicos y legales<br \/>Domicilio Social: Scherpenbergsebaan 49, 4721 ST &#8211; Schijf &#8211; The Netherlands &#8211; P.O. Box 50, 4715 ZH &#8211; Rucphen &#8211; The Netherlands<br \/>Tel\u00e9fono: +31 165 343 451<br \/>Email: info@smt-holland.com<\/p>\n<p>Estamos a su disposici\u00f3n, no dude en contactar con nosotros.<\/p>\n<p><strong>\u00bfPara qu\u00e9 vamos a usar sus datos?<\/strong><\/p>\n<p>Con car\u00e1cter general, sus datos personales ser\u00e1n usados para poder relacionarnos con usted y poder prestarle nuestros servicios.<\/p>\n<p>Asimismo, tambi\u00e9n pueden ser usados para otras actividades, como enviarle publicidad o promocionar nuestras actividades, previo consentimiento por su parte.<\/p>\n<p><strong>\u00bfPor qu\u00e9 necesitamos usar sus datos?<\/strong><\/p>\n<p>Sus datos personales son necesarios para poder relacionarnos con usted y poder prestarle nuestros servicios. En este sentido, pondremos a su disposici\u00f3n una serie de casillas que le permitir\u00e1n decidir de manera clara y sencilla sobre el uso de su informaci\u00f3n personal.<\/p>\n<p><strong>\u00bfQui\u00e9n va a conocer la informaci\u00f3n que le pedimos?<\/strong><\/p>\n<p>Con car\u00e1cter general, s\u00f3lo el personal de nuestra entidad que est\u00e9 debidamente autorizado podr\u00e1 tener conocimiento de la informaci\u00f3n que le pedimos.<\/p>\n<p>De igual modo, podr\u00e1n tener conocimiento de su informaci\u00f3n personal aquellas entidades que necesiten tener acceso a la misma para que podamos prestarle nuestros servicios. As\u00ed por ejemplo, nuestro banco conocer\u00e1 sus datos si el pago de nuestros servicios se realiza mediante tarjeta o transferencia bancaria.<\/p>\n<p>Asimismo, tendr\u00e1n conocimiento de su informaci\u00f3n aquellas entidades p\u00fablicas o privadas a las cuales estemos obligados a facilitar sus datos personales con motivo del cumplimiento de alguna ley. Poni\u00e9ndole un ejemplo, la Ley Tributaria obliga a facilitar a la Agencia Tributaria determinada informaci\u00f3n sobre operaciones econ\u00f3micas que superen una determinada cantidad.<\/p>\n<p>En el caso de que, al margen de los supuestos comentados, necesitemos dar a conocer su informaci\u00f3n personal a otras entidades, le solicitaremos previamente su permiso a trav\u00e9s de opciones claras que le permitir\u00e1n decidir a este respecto.<\/p>\n<p><strong>\u00bfC\u00f3mo vamos a proteger sus datos?<\/strong><\/p>\n<p>Protegeremos sus datos con medidas de seguridad eficaces en funci\u00f3n de los riesgos que conlleve el uso de su informaci\u00f3n.<\/p>\n<p>Para ello, nuestra entidad ha aprobado una Pol\u00edtica de Protecci\u00f3n de Datos y se realizan controles y auditor\u00edas anuales para verificar que sus datos personales est\u00e1n seguros en todo momento.<\/p>\n<p><strong>\u00bfEnviaremos sus datos a otros pa\u00edses?<\/strong><\/p>\n<p>En el mundo hay pa\u00edses que son seguros para sus datos y otros que no lo son tanto. As\u00ed por ejemplo, la Uni\u00f3n Europea es un entorno seguro para sus datos. Nuestra pol\u00edtica es no enviar su informaci\u00f3n personal a ning\u00fan pa\u00eds que no sea seguro desde el punto de vista de la protecci\u00f3n de sus datos.<\/p>\n<p>En el caso de que, con motivo de prestarle el servicio, sea imprescindible enviar sus datos a un pa\u00eds que no sea tan seguro como Espa\u00f1a, siempre le solicitaremos previamente su permiso y aplicaremos medidas de seguridad eficaces que reduzcan los riesgos del env\u00edo de su informaci\u00f3n personal a otro pa\u00eds.<\/p>\n<p><strong>\u00bfDurante cu\u00e1nto tiempo vamos a conservar sus datos?<\/strong><\/p>\n<p>Conservaremos sus datos durante nuestra relaci\u00f3n y mientras nos obliguen las leyes. Una vez finalizados los plazos legales aplicables, procederemos a eliminarlos de forma segura y respetuosa con el medio ambiente.<\/p>\n<p><strong>\u00bfCu\u00e1les son sus derechos de protecci\u00f3n de datos?<\/strong><\/p>\n<p>En cualquier momento puede dirigirse a nosotros para saber qu\u00e9 informaci\u00f3n tenemos sobre usted, rectificarla si fuese incorrecta y eliminarla una vez finalizada nuestra relaci\u00f3n, en el caso de que ello sea legalmente posible.<\/p>\n<p>Tambi\u00e9n tiene derecho a solicitar el traspaso de su informaci\u00f3n a otra entidad. Este derecho se llama \u201cportabilidad\u201d y puede ser \u00fatil en determinadas situaciones.<\/p>\n<p>Para solicitar alguno de estos derechos, deber\u00e1 realizar una solicitud escrita a nuestra direcci\u00f3n, junto con una fotocopia de su DNI, para poder identificarle.<\/p>\n<p>En las oficinas de nuestra entidad disponemos de formularios espec\u00edficos para solicitar dichos derechos y le ofrecemos nuestra ayuda para su cumplimentaci\u00f3n.<\/p>\n<p>Para saber m\u00e1s sobre sus derechos de protecci\u00f3n de datos, puede consultar la p\u00e1gina web de la Agencia Espa\u00f1ola de Protecci\u00f3n de Datos (www.aepd.es).<\/p>\n<p><strong>\u00bfPuede retirar su consentimiento si cambia de opini\u00f3n en un momento posterior?<\/strong><\/p>\n<p>Usted puede retirar su consentimiento si cambia de opini\u00f3n sobre el uso de sus datos en cualquier momento.<\/p>\n<p>As\u00ed por ejemplo, si usted en su d\u00eda estuvo interesado\/a en recibir publicidad de nuestros productos o servicios, pero ya no desea recibir m\u00e1s publicidad, puede hac\u00e9rnoslo constar a trav\u00e9s del formulario de oposici\u00f3n al tratamiento disponible en las oficinas de nuestra entidad.<\/p>\n<p><strong>En caso de que entienda que sus derechos han sido desatendidos, \u00bfd\u00f3nde puede formular una reclamaci\u00f3n?<\/strong><\/p>\n<p>En caso de que entienda que sus derechos han sido desatendidos por nuestra entidad, puede formular una reclamaci\u00f3n en la Agencia Espa\u00f1ola de Protecci\u00f3n de Datos, a trav\u00e9s de alguno de los medios siguientes:<\/p>\n<p>-Sede electr\u00f3nica: www.aepd.es<br \/>-Direcci\u00f3n postal: Agencia Espa\u00f1ola de Protecci\u00f3n de Datos C\/ Jorge Juan, 6, 28001-Madrid<br \/>V\u00eda telef\u00f3nica: Telf. 901 100 099 \u2013 Telf. 91 266 35 17<\/p>\n<p>Formular una reclamaci\u00f3n en la Agencia Espa\u00f1ola de Protecci\u00f3n de Datos no conlleva ning\u00fan coste y no es necesaria la asistencia de abogado ni procurador.<\/p>\n<p><strong>\u00bfElaboraremos perfiles sobre usted?<\/strong><\/p>\n<p>Nuestra pol\u00edtica es no elaborar perfiles sobre los usuarios de nuestros servicios.<\/p>\n<p>No obstante, pueden existir situaciones en las que, con fines de prestaci\u00f3n del servicio, comerciales o de otro tipo, necesitemos elaborar perfiles de informaci\u00f3n sobre usted. Un ejemplo pudiera ser la utilizaci\u00f3n de su historial de compras o servicios para poder ofrecerle productos o servicios adaptados a sus gustos o necesidades.<\/p>\n<p>En tal caso, aplicaremos medidas de seguridad eficaces que protejan su informaci\u00f3n en todo momento de personas no autorizadas que pretendan utilizarla en su propio beneficio.<\/p>\n<p><strong>\u00bfUsaremos sus datos para otros fines?<\/strong><\/p>\n<p>Nuestra pol\u00edtica es no usar sus datos para otras finalidades distintas a las que le hemos explicado. Si, no obstante, necesit\u00e1semos usar sus datos para actividades distintas, siempre le solicitaremos previamente su permiso a trav\u00e9s de opciones claras que le permitir\u00e1n decidir al respecto.<\/p>\n<\/div>\n<p>[\/et_pb_text][\/et_pb_column][\/et_pb_row][\/et_pb_section]<\/p>\n","protected":false},"excerpt":{"rendered":"<p>Informaci\u00f3n en cumplimiento de la normativa de protecci\u00f3n de datos personales En Europa y en Espa\u00f1a existen normas de Protecci\u00f3n de Datos pensadas para proteger su informaci\u00f3n personal de obligado cumplimiento para nuestra entidad. Por ello, es muy importante para nosotros que entienda perfectamente qu\u00e9 vamos a hacer con los datos personales que le pedimos. [&hellip;]<\/p>\n","protected":false},"author":1,"featured_media":0,"parent":0,"menu_order":0,"comment_status":"closed","ping_status":"closed","template":"","meta":{"_et_pb_use_builder":"on","_et_pb_old_content":"<!-- wp:heading -->\n<h2 class=\"wp-block-heading\">Qui\u00e9nes somos<\/h2>\n<!-- \/wp:heading -->\n<!-- wp:paragraph -->\n<p><strong class=\"privacy-policy-tutorial\">Texto sugerido: <\/strong>La direcci\u00f3n de nuestra web es: https:\/\/shockwave-clad.com.<\/p>\n<!-- \/wp:paragraph -->\n<!-- wp:heading -->\n<h2 class=\"wp-block-heading\">Comentarios<\/h2>\n<!-- \/wp:heading -->\n<!-- wp:paragraph -->\n<p><strong class=\"privacy-policy-tutorial\">Texto sugerido: <\/strong>Cuando los visitantes dejan comentarios en la web, recopilamos los datos que se muestran en el formulario de comentarios, as\u00ed como la direcci\u00f3n IP del visitante y la cadena de agentes de usuario del navegador para ayudar a la detecci\u00f3n de spam.<\/p>\n<!-- \/wp:paragraph -->\n<!-- wp:paragraph -->\n<p>Una cadena an\u00f3nima creada a partir de tu direcci\u00f3n de correo electr\u00f3nico (tambi\u00e9n llamada hash) puede ser proporcionada al servicio de Gravatar para ver si la est\u00e1s usando. La pol\u00edtica de privacidad del servicio Gravatar est\u00e1 disponible aqu\u00ed: https:\/\/automattic.com\/privacy\/. Despu\u00e9s de la aprobaci\u00f3n de tu comentario, la imagen de tu perfil es visible para el p\u00fablico en el contexto de tu comentario.<\/p>\n<!-- \/wp:paragraph -->\n<!-- wp:heading -->\n<h2 class=\"wp-block-heading\">Medios<\/h2>\n<!-- \/wp:heading -->\n<!-- wp:paragraph -->\n<p><strong class=\"privacy-policy-tutorial\">Texto sugerido: <\/strong>Si subes im\u00e1genes a la web, deber\u00edas evitar subir im\u00e1genes con datos de ubicaci\u00f3n (GPS EXIF) incluidos. Los visitantes de la web pueden descargar y extraer cualquier dato de ubicaci\u00f3n de las im\u00e1genes de la web.<\/p>\n<!-- \/wp:paragraph -->\n<!-- wp:heading -->\n<h2 class=\"wp-block-heading\">Cookies<\/h2>\n<!-- \/wp:heading -->\n<!-- wp:paragraph -->\n<p><strong class=\"privacy-policy-tutorial\">Texto sugerido: <\/strong>Si dejas un comentario en nuestro sitio puedes elegir guardar tu nombre, direcci\u00f3n de correo electr\u00f3nico y web en cookies. Esto es para tu comodidad, para que no tengas que volver a rellenar tus datos cuando dejes otro comentario. Estas cookies tendr\u00e1n una duraci\u00f3n de un a\u00f1o.<\/p>\n<!-- \/wp:paragraph -->\n<!-- wp:paragraph -->\n<p>Si tienes una cuenta y te conectas a este sitio, instalaremos una cookie temporal para determinar si tu navegador acepta cookies. Esta cookie no contiene datos personales y se elimina al cerrar el navegador.<\/p>\n<!-- \/wp:paragraph -->\n<!-- wp:paragraph -->\n<p>Cuando accedas, tambi\u00e9n instalaremos varias cookies para guardar tu informaci\u00f3n de acceso y tus opciones de visualizaci\u00f3n de pantalla. Las cookies de acceso duran dos d\u00edas, y las cookies de opciones de pantalla duran un a\u00f1o. Si seleccionas \u00abRecu\u00e9rdarme\u00bb, tu acceso perdurar\u00e1 durante dos semanas. Si sales de tu cuenta, las cookies de acceso se eliminar\u00e1n.<\/p>\n<!-- \/wp:paragraph -->\n<!-- wp:paragraph -->\n<p>Si editas o publicas un art\u00edculo se guardar\u00e1 una cookie adicional en tu navegador. Esta cookie no incluye datos personales y simplemente indica el ID del art\u00edculo que acabas de editar. Caduca despu\u00e9s de 1 d\u00eda.<\/p>\n<!-- \/wp:paragraph -->\n<!-- wp:heading -->\n<h2 class=\"wp-block-heading\">Contenido incrustado de otros sitios web<\/h2>\n<!-- \/wp:heading -->\n<!-- wp:paragraph -->\n<p><strong class=\"privacy-policy-tutorial\">Texto sugerido: <\/strong>Los art\u00edculos de este sitio pueden incluir contenido incrustado (por ejemplo, v\u00eddeos, im\u00e1genes, art\u00edculos, etc.). El contenido incrustado de otras webs se comporta exactamente de la misma manera que si el visitante hubiera visitado la otra web.<\/p>\n<!-- \/wp:paragraph -->\n<!-- wp:paragraph -->\n<p>Estas web pueden recopilar datos sobre ti, utilizar cookies, incrustar un seguimiento adicional de terceros, y supervisar tu interacci\u00f3n con ese contenido incrustado, incluido el seguimiento de tu interacci\u00f3n con el contenido incrustado si tienes una cuenta y est\u00e1s conectado a esa web.<\/p>\n<!-- \/wp:paragraph -->\n<!-- wp:heading -->\n<h2 class=\"wp-block-heading\">Con qui\u00e9n compartimos tus datos<\/h2>\n<!-- \/wp:heading -->\n<!-- wp:paragraph -->\n<p><strong class=\"privacy-policy-tutorial\">Texto sugerido: <\/strong>Si solicitas un restablecimiento de contrase\u00f1a, tu direcci\u00f3n IP ser\u00e1 incluida en el correo electr\u00f3nico de restablecimiento.<\/p>\n<!-- \/wp:paragraph -->\n<!-- wp:heading -->\n<h2 class=\"wp-block-heading\">Cu\u00e1nto tiempo conservamos tus datos<\/h2>\n<!-- \/wp:heading -->\n<!-- wp:paragraph -->\n<p><strong class=\"privacy-policy-tutorial\">Texto sugerido: <\/strong>Si dejas un comentario, el comentario y sus metadatos se conservan indefinidamente. Esto es para que podamos reconocer y aprobar comentarios sucesivos autom\u00e1ticamente, en lugar de mantenerlos en una cola de moderaci\u00f3n.<\/p>\n<!-- \/wp:paragraph -->\n<!-- wp:paragraph -->\n<p>De los usuarios que se registran en nuestra web (si los hay), tambi\u00e9n almacenamos la informaci\u00f3n personal que proporcionan en su perfil de usuario. Todos los usuarios pueden ver, editar o eliminar su informaci\u00f3n personal en cualquier momento (excepto que no pueden cambiar su nombre de usuario). Los administradores de la web tambi\u00e9n pueden ver y editar esa informaci\u00f3n.<\/p>\n<!-- \/wp:paragraph -->\n<!-- wp:heading -->\n<h2 class=\"wp-block-heading\">Qu\u00e9 derechos tienes sobre tus datos<\/h2>\n<!-- \/wp:heading -->\n<!-- wp:paragraph -->\n<p><strong class=\"privacy-policy-tutorial\">Texto sugerido: <\/strong>Si tienes una cuenta o has dejado comentarios en esta web, puedes solicitar recibir un archivo de exportaci\u00f3n de los datos personales que tenemos sobre ti, incluyendo cualquier dato que nos hayas proporcionado. Tambi\u00e9n puedes solicitar que eliminemos cualquier dato personal que tengamos sobre ti. Esto no incluye ning\u00fan dato que estemos obligados a conservar con fines administrativos, legales o de seguridad.<\/p>\n<!-- \/wp:paragraph -->\n<!-- wp:heading -->\n<h2 class=\"wp-block-heading\">D\u00f3nde se env\u00edan tus datos<\/h2>\n<!-- \/wp:heading -->\n<!-- wp:paragraph -->\n<p><strong class=\"privacy-policy-tutorial\">Texto sugerido: <\/strong>Los comentarios de los visitantes puede que los revise un servicio de detecci\u00f3n autom\u00e1tica de spam.<\/p>\n<!-- \/wp:paragraph -->\n","_et_gb_content_width":"","footnotes":""},"class_list":["post-1221","page","type-page","status-publish","hentry"],"yoast_head":"<!-- This site is optimized with the Yoast SEO plugin v27.4 - https:\/\/yoast.com\/product\/yoast-seo-wordpress\/ -->\n<title>Pol\u00edtica de privacidad - Shockwave<\/title>\n<meta name=\"robots\" content=\"noindex, follow\" \/>\n<meta property=\"og:locale\" content=\"es_ES\" \/>\n<meta property=\"og:type\" content=\"article\" \/>\n<meta property=\"og:title\" content=\"Pol\u00edtica de privacidad - Shockwave\" \/>\n<meta property=\"og:description\" content=\"Informaci\u00f3n en cumplimiento de la normativa de protecci\u00f3n de datos personales En Europa y en Espa\u00f1a existen normas de Protecci\u00f3n de Datos pensadas para proteger su informaci\u00f3n personal de obligado cumplimiento para nuestra entidad. Por ello, es muy importante para nosotros que entienda perfectamente qu\u00e9 vamos a hacer con los datos personales que le pedimos. [&hellip;]\" \/>\n<meta property=\"og:url\" content=\"https:\/\/shockwave-clad.com\/es\/politica-de-privacidad\/\" \/>\n<meta property=\"og:site_name\" content=\"Shockwave\" \/>\n<meta property=\"article:modified_time\" content=\"2026-04-27T08:14:59+00:00\" \/>\n<meta property=\"og:image\" content=\"https:\/\/shockwave-clad.com\/wp-content\/uploads\/2025\/12\/bc9ce71b-e94a-4f74-8aef-8218cb8ed95b.jpg\" \/>\n\t<meta property=\"og:image:width\" content=\"2048\" \/>\n\t<meta property=\"og:image:height\" content=\"1536\" \/>\n\t<meta property=\"og:image:type\" content=\"image\/jpeg\" \/>\n<meta name=\"twitter:card\" content=\"summary_large_image\" \/>\n<meta name=\"twitter:label1\" content=\"Tiempo de lectura\" \/>\n\t<meta name=\"twitter:data1\" content=\"5 minutos\" \/>\n<script type=\"application\/ld+json\" class=\"yoast-schema-graph\">{\"@context\":\"https:\\\/\\\/schema.org\",\"@graph\":[{\"@type\":\"WebPage\",\"@id\":\"https:\\\/\\\/shockwave-clad.com\\\/es\\\/politica-de-privacidad\\\/\",\"url\":\"https:\\\/\\\/shockwave-clad.com\\\/es\\\/politica-de-privacidad\\\/\",\"name\":\"Pol\u00edtica de privacidad - Shockwave\",\"isPartOf\":{\"@id\":\"https:\\\/\\\/shockwave-clad.com\\\/es\\\/#website\"},\"datePublished\":\"2025-01-31T09:44:31+00:00\",\"dateModified\":\"2026-04-27T08:14:59+00:00\",\"breadcrumb\":{\"@id\":\"https:\\\/\\\/shockwave-clad.com\\\/es\\\/politica-de-privacidad\\\/#breadcrumb\"},\"inLanguage\":\"es\",\"potentialAction\":[{\"@type\":\"ReadAction\",\"target\":[\"https:\\\/\\\/shockwave-clad.com\\\/es\\\/politica-de-privacidad\\\/\"]}]},{\"@type\":\"BreadcrumbList\",\"@id\":\"https:\\\/\\\/shockwave-clad.com\\\/es\\\/politica-de-privacidad\\\/#breadcrumb\",\"itemListElement\":[{\"@type\":\"ListItem\",\"position\":1,\"name\":\"Home\",\"item\":\"https:\\\/\\\/shockwave-clad.com\\\/es\\\/\"},{\"@type\":\"ListItem\",\"position\":2,\"name\":\"Pol\u00edtica de privacidad\"}]},{\"@type\":\"WebSite\",\"@id\":\"https:\\\/\\\/shockwave-clad.com\\\/es\\\/#website\",\"url\":\"https:\\\/\\\/shockwave-clad.com\\\/es\\\/\",\"name\":\"Shockwave\",\"description\":\"Shockwave Metalworking Technologies\",\"publisher\":{\"@id\":\"https:\\\/\\\/shockwave-clad.com\\\/es\\\/#organization\"},\"alternateName\":\"Shockwave Metalworking Technologies\",\"potentialAction\":[{\"@type\":\"SearchAction\",\"target\":{\"@type\":\"EntryPoint\",\"urlTemplate\":\"https:\\\/\\\/shockwave-clad.com\\\/es\\\/?s={search_term_string}\"},\"query-input\":{\"@type\":\"PropertyValueSpecification\",\"valueRequired\":true,\"valueName\":\"search_term_string\"}}],\"inLanguage\":\"es\"},{\"@type\":\"Organization\",\"@id\":\"https:\\\/\\\/shockwave-clad.com\\\/es\\\/#organization\",\"name\":\"Shockwave Metalworking Technologies BV\",\"alternateName\":\"Shockwave\",\"url\":\"https:\\\/\\\/shockwave-clad.com\\\/es\\\/\",\"logo\":{\"@type\":\"ImageObject\",\"inLanguage\":\"es\",\"@id\":\"https:\\\/\\\/shockwave-clad.com\\\/es\\\/#\\\/schema\\\/logo\\\/image\\\/\",\"url\":\"https:\\\/\\\/shockwave-clad.com\\\/wp-content\\\/uploads\\\/2025\\\/09\\\/logo-shockwave.png\",\"contentUrl\":\"https:\\\/\\\/shockwave-clad.com\\\/wp-content\\\/uploads\\\/2025\\\/09\\\/logo-shockwave.png\",\"width\":300,\"height\":343,\"caption\":\"Shockwave Metalworking Technologies BV\"},\"image\":{\"@id\":\"https:\\\/\\\/shockwave-clad.com\\\/es\\\/#\\\/schema\\\/logo\\\/image\\\/\"},\"sameAs\":[\"https:\\\/\\\/www.linkedin.com\\\/company\\\/shockwave-metalworking-technologies-b-v\\\/\"]}]}<\/script>\n<!-- \/ Yoast SEO plugin. -->","yoast_head_json":{"title":"Pol\u00edtica de privacidad - Shockwave","robots":{"index":"noindex","follow":"follow"},"og_locale":"es_ES","og_type":"article","og_title":"Pol\u00edtica de privacidad - Shockwave","og_description":"Informaci\u00f3n en cumplimiento de la normativa de protecci\u00f3n de datos personales En Europa y en Espa\u00f1a existen normas de Protecci\u00f3n de Datos pensadas para proteger su informaci\u00f3n personal de obligado cumplimiento para nuestra entidad. Por ello, es muy importante para nosotros que entienda perfectamente qu\u00e9 vamos a hacer con los datos personales que le pedimos. [&hellip;]","og_url":"https:\/\/shockwave-clad.com\/es\/politica-de-privacidad\/","og_site_name":"Shockwave","article_modified_time":"2026-04-27T08:14:59+00:00","og_image":[{"width":2048,"height":1536,"url":"https:\/\/shockwave-clad.com\/wp-content\/uploads\/2025\/12\/bc9ce71b-e94a-4f74-8aef-8218cb8ed95b.jpg","type":"image\/jpeg"}],"twitter_card":"summary_large_image","twitter_misc":{"Tiempo de lectura":"5 minutos"},"schema":{"@context":"https:\/\/schema.org","@graph":[{"@type":"WebPage","@id":"https:\/\/shockwave-clad.com\/es\/politica-de-privacidad\/","url":"https:\/\/shockwave-clad.com\/es\/politica-de-privacidad\/","name":"Pol\u00edtica de privacidad - Shockwave","isPartOf":{"@id":"https:\/\/shockwave-clad.com\/es\/#website"},"datePublished":"2025-01-31T09:44:31+00:00","dateModified":"2026-04-27T08:14:59+00:00","breadcrumb":{"@id":"https:\/\/shockwave-clad.com\/es\/politica-de-privacidad\/#breadcrumb"},"inLanguage":"es","potentialAction":[{"@type":"ReadAction","target":["https:\/\/shockwave-clad.com\/es\/politica-de-privacidad\/"]}]},{"@type":"BreadcrumbList","@id":"https:\/\/shockwave-clad.com\/es\/politica-de-privacidad\/#breadcrumb","itemListElement":[{"@type":"ListItem","position":1,"name":"Home","item":"https:\/\/shockwave-clad.com\/es\/"},{"@type":"ListItem","position":2,"name":"Pol\u00edtica de privacidad"}]},{"@type":"WebSite","@id":"https:\/\/shockwave-clad.com\/es\/#website","url":"https:\/\/shockwave-clad.com\/es\/","name":"Shockwave","description":"Shockwave Metalworking Technologies","publisher":{"@id":"https:\/\/shockwave-clad.com\/es\/#organization"},"alternateName":"Shockwave Metalworking Technologies","potentialAction":[{"@type":"SearchAction","target":{"@type":"EntryPoint","urlTemplate":"https:\/\/shockwave-clad.com\/es\/?s={search_term_string}"},"query-input":{"@type":"PropertyValueSpecification","valueRequired":true,"valueName":"search_term_string"}}],"inLanguage":"es"},{"@type":"Organization","@id":"https:\/\/shockwave-clad.com\/es\/#organization","name":"Shockwave Metalworking Technologies BV","alternateName":"Shockwave","url":"https:\/\/shockwave-clad.com\/es\/","logo":{"@type":"ImageObject","inLanguage":"es","@id":"https:\/\/shockwave-clad.com\/es\/#\/schema\/logo\/image\/","url":"https:\/\/shockwave-clad.com\/wp-content\/uploads\/2025\/09\/logo-shockwave.png","contentUrl":"https:\/\/shockwave-clad.com\/wp-content\/uploads\/2025\/09\/logo-shockwave.png","width":300,"height":343,"caption":"Shockwave Metalworking Technologies BV"},"image":{"@id":"https:\/\/shockwave-clad.com\/es\/#\/schema\/logo\/image\/"},"sameAs":["https:\/\/www.linkedin.com\/company\/shockwave-metalworking-technologies-b-v\/"]}]}},"_hostinger_reach_plugin_has_subscription_block":false,"_hostinger_reach_plugin_is_elementor":false,"_links":{"self":[{"href":"https:\/\/shockwave-clad.com\/es\/wp-json\/wp\/v2\/pages\/1221","targetHints":{"allow":["GET"]}}],"collection":[{"href":"https:\/\/shockwave-clad.com\/es\/wp-json\/wp\/v2\/pages"}],"about":[{"href":"https:\/\/shockwave-clad.com\/es\/wp-json\/wp\/v2\/types\/page"}],"author":[{"embeddable":true,"href":"https:\/\/shockwave-clad.com\/es\/wp-json\/wp\/v2\/users\/1"}],"replies":[{"embeddable":true,"href":"https:\/\/shockwave-clad.com\/es\/wp-json\/wp\/v2\/comments?post=1221"}],"version-history":[{"count":8,"href":"https:\/\/shockwave-clad.com\/es\/wp-json\/wp\/v2\/pages\/1221\/revisions"}],"predecessor-version":[{"id":3794,"href":"https:\/\/shockwave-clad.com\/es\/wp-json\/wp\/v2\/pages\/1221\/revisions\/3794"}],"wp:attachment":[{"href":"https:\/\/shockwave-clad.com\/es\/wp-json\/wp\/v2\/media?parent=1221"}],"curies":[{"name":"wp","href":"https:\/\/api.w.org\/{rel}","templated":true}]}}