{"id":1216,"date":"2025-01-31T11:18:46","date_gmt":"2025-01-31T10:18:46","guid":{"rendered":"https:\/\/shockwave-clad.com\/legal-notice\/"},"modified":"2026-04-27T10:11:43","modified_gmt":"2026-04-27T08:11:43","slug":"aviso-legal","status":"publish","type":"page","link":"https:\/\/shockwave-clad.com\/es\/aviso-legal\/","title":{"rendered":"Aviso legal"},"content":{"rendered":"<p>[et_pb_section fb_built=\u00bb1&#8243; admin_label=\u00bbHeader &#038; Contact Info\u00bb _builder_version=\u00bb4.22.0&#8243; _module_preset=\u00bbdefault\u00bb collapsed=\u00bbon\u00bb global_colors_info=\u00bb{}\u00bb][et_pb_row _builder_version=\u00bb4.22.0&#8243; _module_preset=\u00bbdefault\u00bb global_colors_info=\u00bb{}\u00bb][et_pb_column type=\u00bb4_4&#8243; _builder_version=\u00bb4.22.0&#8243; _module_preset=\u00bbdefault\u00bb global_colors_info=\u00bb{}\u00bb][et_pb_text _builder_version=\u00bb4.27.4&#8243; _dynamic_attributes=\u00bbcontent\u00bb _module_preset=\u00bb_initial\u00bb header_font=\u00bbBaskervville||||||||\u00bb header_font_size=\u00bb72px\u00bb header_line_height=\u00bb1.1em\u00bb header_font_size_tablet=\u00bb40px\u00bb header_font_size_phone=\u00bb24px\u00bb header_font_size_last_edited=\u00bbon|desktop\u00bb global_colors_info=\u00bb{}\u00bb]@ET-DC@eyJkeW5hbWljIjp0cnVlLCJjb250ZW50IjoicG9zdF90aXRsZSIsInNldHRpbmdzIjp7ImJlZm9yZSI6IjxoMT4iLCJhZnRlciI6IjwvaDE+In19@[\/et_pb_text][et_pb_text _builder_version=\u00bb4.27.4&#8243; _module_preset=\u00bbdefault\u00bb global_colors_info=\u00bb{}\u00bb]<\/p>\n<p><strong>Informaci\u00f3n en cumplimiento de lo establecido en la Ley 34\/2002, de 11 de julio, de servicios de la sociedad de la informaci\u00f3n y de comercio electr\u00f3nico<\/strong><\/p>\n<p>En cumplimiento de lo establecido en el art\u00edculo 10 de la Ley 34\/2002, de 11 de julio, de Servicios de la Sociedad de la Informaci\u00f3n y de Comercio Electr\u00f3nico (en adelante, LSSI-CE), se informa de modo expreso, preciso e inequ\u00edvoco, tanto a los destinatarios del servicio como a los \u00f3rganos competentes, de los siguientes aspectos relativos al prestador de servicios de la sociedad de la informaci\u00f3n:<\/p>\n<p>Shockwave Metalworking Technologies BV \u2013 <strong>NL001378156B01<\/strong><br \/>Actividad \/ Objeto Social: Servicios Jur\u00eddicos y legales<br \/>Domicilio Social: Scherpenbergsebaan 49, 4721 ST &#8211; Schijf &#8211; The Netherlands &#8211; P.O. Box 50, 4715 ZH &#8211; Rucphen &#8211; The Netherlands<br \/>Tel\u00e9fono: +31 165 343 451<br \/>Email: info@smt-holland.com<\/p>\n<ol start=\"1\">\n<li><strong> Propiedad intelectual<\/strong><\/li>\n<\/ol>\n<p>El c\u00f3digo fuente, los dise\u00f1os gr\u00e1ficos, las im\u00e1genes, las fotograf\u00edas, los sonidos, las animaciones, el software, los textos, as\u00ed como la informaci\u00f3n y los contenidos que se recogen en el presente sitio web est\u00e1n protegidos por la legislaci\u00f3n espa\u00f1ola sobre los derechos de propiedad intelectual e industrial a favor de&nbsp;<strong>Shockwave Metalworking Technologies BV.<\/strong>&nbsp;y no se permite la reproducci\u00f3n y\/o publicaci\u00f3n, total o parcial, del sitio web, ni su tratamiento inform\u00e1tico, su distribuci\u00f3n, su difusi\u00f3n, ni su modificaci\u00f3n, transformaci\u00f3n o descompilaci\u00f3n, ni dem\u00e1s derechos reconocidos legalmente a su titular, sin el permiso previo y por escrito del mismo,&nbsp;<strong>Shockwave Metalworking Technologies BV<\/strong><\/p>\n<p>El usuario, \u00fanica y exclusivamente, puede utilizar el material que aparezca en este sitio web para su uso personal y privado, quedando prohibido su uso con fines comerciales o para incurrir en actividades il\u00edcitas. Todos los derechos derivados de la propiedad intelectual est\u00e1n expresamente reservados por&nbsp;<strong>Shockwave Metalworking Technologies BV<\/strong><\/p>\n<p><strong>Shockwave Metalworking Technologies BV<\/strong>&nbsp;velar\u00e1 por el cumplimiento de las anteriores condiciones como por la debida utilizaci\u00f3n de los contenidos presentados en sus p\u00e1ginas web, ejercitando todas las acciones civiles y penales que le correspondan en el caso de infracci\u00f3n o incumplimiento de estos derechos por parte del usuario.<\/p>\n<ol start=\"2\">\n<li><strong> Protecci\u00f3n de datos de car\u00e1cter personal<\/strong><\/li>\n<\/ol>\n<p>En el marco del cumplimiento de la legislaci\u00f3n vigente, recogida en el&nbsp;<b>Reglamento 2016\/679&nbsp;<\/b>del Parlamento Europeo y del Consejo, de 27 de abril de 2016, relativo a la protecci\u00f3n de las personas f\u00edsicas en lo que respecta al tratamiento de datos personales y a la libre circulaci\u00f3n de estos datos y por el que se deroga la Directiva 95\/46\/CE&nbsp;<b>(Reglamento General de Protecci\u00f3n de Datos)&nbsp;<\/b>y la&nbsp;<b>Ley Org\u00e1nica 3\/2018, de 5 de diciembre, de Protecci\u00f3n de Datos Personales y garant\u00eda de los derechos digitales<\/b>, cuyo objeto es garantizar y proteger, en lo que concierne al tratamiento de los datos personales, las libertades y derechos fundamentales de las personas f\u00edsicas, y especialmente de su honor e intimidad personal,&nbsp;<b>Shockwave Metalworking Technologies BV&nbsp;<\/b>informa a los usuarios que en el presente sitio web se solicitan y registran&nbsp;<b>datos de car\u00e1cter personal<\/b> mediante el formulario del apartado contacto.<\/p>\n<p>Si desea conocer m\u00e1s sobre la protecci\u00f3n de datos de car\u00e1cter personal que nos facilita, puede acceder al apartado pol\u00edtica de privacidad y pol\u00edtica de cookies.<\/p>\n<ol start=\"3\">\n<li><strong> Varios<\/strong><\/li>\n<\/ol>\n<p>A.-&nbsp;<strong>Shockwave Metalworking Technologies BV&nbsp;<\/strong>no utiliza cookies que se quedar\u00e1n almacenadas en el ordenador. Las cookies son peque\u00f1os archivos que nuestro ordenador env\u00eda al suyo, pero que no nos proporcionan informaci\u00f3n ni sobre su nombre, ni sobre cualquier&nbsp;<strong>dato de car\u00e1cter personal<\/strong>&nbsp;suyo. Cuando el usuario se encuentre navegando por las p\u00e1ginas web de&nbsp;<strong>Shockwave Metalworking Technologies BV&nbsp;<\/strong>el servidor donde se encuentra alojada reconoce autom\u00e1ticamente la direcci\u00f3n IP de su ordenador, el d\u00eda y la hora en la que comienza la visita, en la que abandona la visita, as\u00ed como informaci\u00f3n sobre las distintas secciones consultadas. Es necesario que el servidor conozca estos datos para poder comunicarse y enviarle la petici\u00f3n realizada y que a trav\u00e9s del navegador se pueda ver en la pantalla.<\/p>\n<p>B.-&nbsp;<strong>Shockwave Metalworking Technologies BV<\/strong>&nbsp;podr\u00e1 modificar, sin previo aviso, la informaci\u00f3n contenida en su sitio web, as\u00ed como su configuraci\u00f3n y presentaci\u00f3n.<\/p>\n<p>C.-&nbsp;<strong>Shockwave Metalworking Technologies BV&nbsp;<\/strong>se compromete a trav\u00e9s de este medio a NO REALIZAR PUBLICIDAD ENGA\u00d1OSA. A estos efectos, por lo tanto, no ser\u00e1n considerados como publicidad enga\u00f1osa los errores formales o num\u00e9ricos que puedan encontrarse a lo largo del contenido de las distintas secciones de la web de&nbsp;<strong>Shockwave Metalworking Technologies BV<\/strong>., producidos como consecuencia de un mantenimiento y\/o actualizaci\u00f3n incompleta o defectuosa de la informaci\u00f3n contenida es estas secciones.&nbsp;<strong>Shockwave Metalworking Technologies BV<\/strong>, como consecuencia de lo dispuesto en este apartado, se compromete a corregirlo tan pronto como tenga conocimiento de dichos errores.<\/p>\n<p>D.-&nbsp;<strong>Shockwave Metalworking Technologies BV<\/strong>&nbsp;se compromete a NO REMITIR COMUNICACIONES COMERCIALES SIN IDENTIFICARLAS COMO TALES, conforme a lo dispuesto en la Ley 34\/2002 de Servicios de la Sociedad de la Informaci\u00f3n y de comercio electr\u00f3nico. A estos efectos no ser\u00e1 considerado como comunicaci\u00f3n comercial toda la informaci\u00f3n que se env\u00ede A LOS CLIENTES de&nbsp;<strong>Shockwave Metalworking Technologies BV&nbsp;<\/strong>siempre que tenga por finalidad el mantenimiento de la relaci\u00f3n contractual existente entre cliente y&nbsp;<strong>Shockwave Metalworking Technologies BV<\/strong>, as\u00ed como el desempe\u00f1o de las tareas de informaci\u00f3n, formaci\u00f3n y otras actividades propias del servicio que el cliente tiene contratado con la empresa.<\/p>\n<p>E.-&nbsp;<strong>Shockwave Metalworking Technologies BV&nbsp;<\/strong>no se hace responsable del incumplimiento de cualquier norma aplicable en que pueda incurrir el usuario en su acceso al sitio web el presente sitio web y\/o en el uso de las informaciones contenidas en el mismo.<\/p>\n<p>F.-&nbsp;<strong>Shockwave Metalworking Technologies BV&nbsp;<\/strong>no ser\u00e1 responsable de los da\u00f1os y perjuicios producidos o que puedan producirse, cualquiera que sea su naturaleza, que se deriven del uso de la informaci\u00f3n, de las materias contenidas en este web site y de los programas que incorpora. Los enlaces (Links) e hipertexto que posibiliten, a trav\u00e9s del sitio web el presente sitio web, acceder al usuario a prestaciones y servicios ofrecidos por terceros, no pertenecen ni se encuentran bajo el control de&nbsp;<strong>Shockwave Metalworking Technologies BV<\/strong>; dicha entidad no se hace responsable ni de la informaci\u00f3n contenida en los mismos ni de cualesquiera efectos que pudieran derivarse de dicha informaci\u00f3n.<\/p>\n<p>G.-&nbsp;<strong>Shockwave Metalworking Technologies BV&nbsp;<\/strong>no se hace responsable del uso ileg\u00edtimo que terceras personas puedan hacer de los nombres de marca, nombres de producto, marcas comerciales que, no siendo propiedad de dicha entidad, aparezcan en el presente sitio web. Tampoco se responsabiliza de la integridad, veracidad y licitud del contenido de los enlaces a las webs a las que pueda accederse desde el presente sitio web.<\/p>\n<p>H.- En definitiva, el Usuario es el \u00fanico responsable del uso que realice de los servicios, contenidos, enlaces (links) e hipertexto incluidos en el sitio web el presente sitio web.<\/p>\n<p>[\/et_pb_text][\/et_pb_column][\/et_pb_row][\/et_pb_section][et_pb_section fb_built=\u00bb1&#8243; fullwidth=\u00bbon\u00bb _builder_version=\u00bb4.27.4&#8243; _module_preset=\u00bbdefault\u00bb global_colors_info=\u00bb{}\u00bb][\/et_pb_section]<\/p>\n","protected":false},"excerpt":{"rendered":"<p>Informaci\u00f3n en cumplimiento de lo establecido en la Ley 34\/2002, de 11 de julio, de servicios de la sociedad de la informaci\u00f3n y de comercio electr\u00f3nico En cumplimiento de lo establecido en el art\u00edculo 10 de la Ley 34\/2002, de 11 de julio, de Servicios de la Sociedad de la Informaci\u00f3n y de Comercio Electr\u00f3nico [&hellip;]<\/p>\n","protected":false},"author":1,"featured_media":0,"parent":0,"menu_order":0,"comment_status":"closed","ping_status":"closed","template":"","meta":{"_et_pb_use_builder":"on","_et_pb_old_content":"<!-- wp:divi\/placeholder \/-->","_et_gb_content_width":"","footnotes":""},"class_list":["post-1216","page","type-page","status-publish","hentry"],"yoast_head":"<!-- This site is optimized with the Yoast SEO plugin v27.4 - https:\/\/yoast.com\/product\/yoast-seo-wordpress\/ -->\n<title>Aviso legal - Shockwave<\/title>\n<meta name=\"robots\" content=\"noindex, follow\" \/>\n<meta property=\"og:locale\" content=\"es_ES\" \/>\n<meta property=\"og:type\" content=\"article\" \/>\n<meta property=\"og:title\" content=\"Aviso legal - Shockwave\" \/>\n<meta property=\"og:description\" content=\"Informaci\u00f3n en cumplimiento de lo establecido en la Ley 34\/2002, de 11 de julio, de servicios de la sociedad de la informaci\u00f3n y de comercio electr\u00f3nico En cumplimiento de lo establecido en el art\u00edculo 10 de la Ley 34\/2002, de 11 de julio, de Servicios de la Sociedad de la Informaci\u00f3n y de Comercio Electr\u00f3nico [&hellip;]\" \/>\n<meta property=\"og:url\" content=\"https:\/\/shockwave-clad.com\/es\/aviso-legal\/\" \/>\n<meta property=\"og:site_name\" content=\"Shockwave\" \/>\n<meta property=\"article:modified_time\" content=\"2026-04-27T08:11:43+00:00\" \/>\n<meta property=\"og:image\" content=\"https:\/\/shockwave-clad.com\/wp-content\/uploads\/2025\/12\/bc9ce71b-e94a-4f74-8aef-8218cb8ed95b.jpg\" \/>\n\t<meta property=\"og:image:width\" content=\"2048\" \/>\n\t<meta property=\"og:image:height\" content=\"1536\" \/>\n\t<meta property=\"og:image:type\" content=\"image\/jpeg\" \/>\n<meta name=\"twitter:card\" content=\"summary_large_image\" \/>\n<meta name=\"twitter:label1\" content=\"Tiempo de lectura\" \/>\n\t<meta name=\"twitter:data1\" content=\"5 minutos\" \/>\n<script type=\"application\/ld+json\" class=\"yoast-schema-graph\">{\"@context\":\"https:\\\/\\\/schema.org\",\"@graph\":[{\"@type\":\"WebPage\",\"@id\":\"https:\\\/\\\/shockwave-clad.com\\\/es\\\/aviso-legal\\\/\",\"url\":\"https:\\\/\\\/shockwave-clad.com\\\/es\\\/aviso-legal\\\/\",\"name\":\"Aviso legal - Shockwave\",\"isPartOf\":{\"@id\":\"https:\\\/\\\/shockwave-clad.com\\\/es\\\/#website\"},\"datePublished\":\"2025-01-31T10:18:46+00:00\",\"dateModified\":\"2026-04-27T08:11:43+00:00\",\"breadcrumb\":{\"@id\":\"https:\\\/\\\/shockwave-clad.com\\\/es\\\/aviso-legal\\\/#breadcrumb\"},\"inLanguage\":\"es\",\"potentialAction\":[{\"@type\":\"ReadAction\",\"target\":[\"https:\\\/\\\/shockwave-clad.com\\\/es\\\/aviso-legal\\\/\"]}]},{\"@type\":\"BreadcrumbList\",\"@id\":\"https:\\\/\\\/shockwave-clad.com\\\/es\\\/aviso-legal\\\/#breadcrumb\",\"itemListElement\":[{\"@type\":\"ListItem\",\"position\":1,\"name\":\"Home\",\"item\":\"https:\\\/\\\/shockwave-clad.com\\\/es\\\/\"},{\"@type\":\"ListItem\",\"position\":2,\"name\":\"Aviso legal\"}]},{\"@type\":\"WebSite\",\"@id\":\"https:\\\/\\\/shockwave-clad.com\\\/es\\\/#website\",\"url\":\"https:\\\/\\\/shockwave-clad.com\\\/es\\\/\",\"name\":\"Shockwave\",\"description\":\"Shockwave Metalworking Technologies\",\"publisher\":{\"@id\":\"https:\\\/\\\/shockwave-clad.com\\\/es\\\/#organization\"},\"alternateName\":\"Shockwave Metalworking Technologies\",\"potentialAction\":[{\"@type\":\"SearchAction\",\"target\":{\"@type\":\"EntryPoint\",\"urlTemplate\":\"https:\\\/\\\/shockwave-clad.com\\\/es\\\/?s={search_term_string}\"},\"query-input\":{\"@type\":\"PropertyValueSpecification\",\"valueRequired\":true,\"valueName\":\"search_term_string\"}}],\"inLanguage\":\"es\"},{\"@type\":\"Organization\",\"@id\":\"https:\\\/\\\/shockwave-clad.com\\\/es\\\/#organization\",\"name\":\"Shockwave Metalworking Technologies BV\",\"alternateName\":\"Shockwave\",\"url\":\"https:\\\/\\\/shockwave-clad.com\\\/es\\\/\",\"logo\":{\"@type\":\"ImageObject\",\"inLanguage\":\"es\",\"@id\":\"https:\\\/\\\/shockwave-clad.com\\\/es\\\/#\\\/schema\\\/logo\\\/image\\\/\",\"url\":\"https:\\\/\\\/shockwave-clad.com\\\/wp-content\\\/uploads\\\/2025\\\/09\\\/logo-shockwave.png\",\"contentUrl\":\"https:\\\/\\\/shockwave-clad.com\\\/wp-content\\\/uploads\\\/2025\\\/09\\\/logo-shockwave.png\",\"width\":300,\"height\":343,\"caption\":\"Shockwave Metalworking Technologies BV\"},\"image\":{\"@id\":\"https:\\\/\\\/shockwave-clad.com\\\/es\\\/#\\\/schema\\\/logo\\\/image\\\/\"},\"sameAs\":[\"https:\\\/\\\/www.linkedin.com\\\/company\\\/shockwave-metalworking-technologies-b-v\\\/\"]}]}<\/script>\n<!-- \/ Yoast SEO plugin. -->","yoast_head_json":{"title":"Aviso legal - Shockwave","robots":{"index":"noindex","follow":"follow"},"og_locale":"es_ES","og_type":"article","og_title":"Aviso legal - Shockwave","og_description":"Informaci\u00f3n en cumplimiento de lo establecido en la Ley 34\/2002, de 11 de julio, de servicios de la sociedad de la informaci\u00f3n y de comercio electr\u00f3nico En cumplimiento de lo establecido en el art\u00edculo 10 de la Ley 34\/2002, de 11 de julio, de Servicios de la Sociedad de la Informaci\u00f3n y de Comercio Electr\u00f3nico [&hellip;]","og_url":"https:\/\/shockwave-clad.com\/es\/aviso-legal\/","og_site_name":"Shockwave","article_modified_time":"2026-04-27T08:11:43+00:00","og_image":[{"width":2048,"height":1536,"url":"https:\/\/shockwave-clad.com\/wp-content\/uploads\/2025\/12\/bc9ce71b-e94a-4f74-8aef-8218cb8ed95b.jpg","type":"image\/jpeg"}],"twitter_card":"summary_large_image","twitter_misc":{"Tiempo de lectura":"5 minutos"},"schema":{"@context":"https:\/\/schema.org","@graph":[{"@type":"WebPage","@id":"https:\/\/shockwave-clad.com\/es\/aviso-legal\/","url":"https:\/\/shockwave-clad.com\/es\/aviso-legal\/","name":"Aviso legal - Shockwave","isPartOf":{"@id":"https:\/\/shockwave-clad.com\/es\/#website"},"datePublished":"2025-01-31T10:18:46+00:00","dateModified":"2026-04-27T08:11:43+00:00","breadcrumb":{"@id":"https:\/\/shockwave-clad.com\/es\/aviso-legal\/#breadcrumb"},"inLanguage":"es","potentialAction":[{"@type":"ReadAction","target":["https:\/\/shockwave-clad.com\/es\/aviso-legal\/"]}]},{"@type":"BreadcrumbList","@id":"https:\/\/shockwave-clad.com\/es\/aviso-legal\/#breadcrumb","itemListElement":[{"@type":"ListItem","position":1,"name":"Home","item":"https:\/\/shockwave-clad.com\/es\/"},{"@type":"ListItem","position":2,"name":"Aviso legal"}]},{"@type":"WebSite","@id":"https:\/\/shockwave-clad.com\/es\/#website","url":"https:\/\/shockwave-clad.com\/es\/","name":"Shockwave","description":"Shockwave Metalworking Technologies","publisher":{"@id":"https:\/\/shockwave-clad.com\/es\/#organization"},"alternateName":"Shockwave Metalworking Technologies","potentialAction":[{"@type":"SearchAction","target":{"@type":"EntryPoint","urlTemplate":"https:\/\/shockwave-clad.com\/es\/?s={search_term_string}"},"query-input":{"@type":"PropertyValueSpecification","valueRequired":true,"valueName":"search_term_string"}}],"inLanguage":"es"},{"@type":"Organization","@id":"https:\/\/shockwave-clad.com\/es\/#organization","name":"Shockwave Metalworking Technologies BV","alternateName":"Shockwave","url":"https:\/\/shockwave-clad.com\/es\/","logo":{"@type":"ImageObject","inLanguage":"es","@id":"https:\/\/shockwave-clad.com\/es\/#\/schema\/logo\/image\/","url":"https:\/\/shockwave-clad.com\/wp-content\/uploads\/2025\/09\/logo-shockwave.png","contentUrl":"https:\/\/shockwave-clad.com\/wp-content\/uploads\/2025\/09\/logo-shockwave.png","width":300,"height":343,"caption":"Shockwave Metalworking Technologies BV"},"image":{"@id":"https:\/\/shockwave-clad.com\/es\/#\/schema\/logo\/image\/"},"sameAs":["https:\/\/www.linkedin.com\/company\/shockwave-metalworking-technologies-b-v\/"]}]}},"_hostinger_reach_plugin_has_subscription_block":false,"_hostinger_reach_plugin_is_elementor":false,"_links":{"self":[{"href":"https:\/\/shockwave-clad.com\/es\/wp-json\/wp\/v2\/pages\/1216","targetHints":{"allow":["GET"]}}],"collection":[{"href":"https:\/\/shockwave-clad.com\/es\/wp-json\/wp\/v2\/pages"}],"about":[{"href":"https:\/\/shockwave-clad.com\/es\/wp-json\/wp\/v2\/types\/page"}],"author":[{"embeddable":true,"href":"https:\/\/shockwave-clad.com\/es\/wp-json\/wp\/v2\/users\/1"}],"replies":[{"embeddable":true,"href":"https:\/\/shockwave-clad.com\/es\/wp-json\/wp\/v2\/comments?post=1216"}],"version-history":[{"count":9,"href":"https:\/\/shockwave-clad.com\/es\/wp-json\/wp\/v2\/pages\/1216\/revisions"}],"predecessor-version":[{"id":3788,"href":"https:\/\/shockwave-clad.com\/es\/wp-json\/wp\/v2\/pages\/1216\/revisions\/3788"}],"wp:attachment":[{"href":"https:\/\/shockwave-clad.com\/es\/wp-json\/wp\/v2\/media?parent=1216"}],"curies":[{"name":"wp","href":"https:\/\/api.w.org\/{rel}","templated":true}]}}