{"id":1156,"date":"2025-10-07T20:44:43","date_gmt":"2025-10-07T18:44:43","guid":{"rendered":"https:\/\/shockwave-clad.com\/industries\/"},"modified":"2026-01-14T11:43:11","modified_gmt":"2026-01-14T10:43:11","slug":"industrias","status":"publish","type":"page","link":"https:\/\/shockwave-clad.com\/es\/industrias\/","title":{"rendered":"Industrias"},"content":{"rendered":"<p>[et_pb_section fb_built=\u00bb1&#8243; admin_label=\u00bbAbout Us\u00bb _builder_version=\u00bb4.27.4&#8243; background_color=\u00bb#000000&#8243; background_image=\u00bbhttps:\/\/shockwave-clad.com\/wp-content\/uploads\/2025\/09\/electrician_19.png\u00bb background_position=\u00bbtop_center\u00bb custom_padding=\u00bb54px|0px|0|0px|false|false\u00bb da_disable_devices=\u00bboff|off|off\u00bb global_colors_info=\u00bb{}\u00bb da_is_popup=\u00bboff\u00bb da_exit_intent=\u00bboff\u00bb da_has_close=\u00bbon\u00bb da_alt_close=\u00bboff\u00bb da_dark_close=\u00bboff\u00bb da_not_modal=\u00bbon\u00bb da_is_singular=\u00bboff\u00bb da_with_loader=\u00bboff\u00bb da_has_shadow=\u00bbon\u00bb][et_pb_row _builder_version=\u00bb4.27.4&#8243; global_colors_info=\u00bb{}\u00bb][et_pb_column type=\u00bb4_4&#8243; _builder_version=\u00bb4.16&#8243; custom_padding=\u00bb|||\u00bb global_colors_info=\u00bb{}\u00bb custom_padding__hover=\u00bb|||\u00bb][et_pb_text _builder_version=\u00bb4.27.5&#8243; text_font=\u00bb||||||||\u00bb header_font=\u00bbGoldman Sans|300|||||||\u00bb header_text_color=\u00bb#FFFFFF\u00bb header_font_size=\u00bb48px\u00bb custom_margin=\u00bb||0px||false|false\u00bb custom_padding=\u00bb||0px||false|false\u00bb hover_enabled=\u00bb0&#8243; header_font_size_tablet=\u00bb42px\u00bb header_font_size_phone=\u00bb32px\u00bb header_font_size_last_edited=\u00bbon|phone\u00bb global_colors_info=\u00bb{}\u00bb sticky_enabled=\u00bb0&#8243;]<\/p>\n<h1><strong>Industrias<\/strong><\/h1>\n<p>[\/et_pb_text][et_pb_text _builder_version=\u00bb4.27.4&#8243; text_font=\u00bb||||||||\u00bb header_6_font=\u00bbGoldman Sans|600|||||||\u00bb header_6_text_color=\u00bb#FFFFFF\u00bb header_6_font_size=\u00bb18px\u00bb header_6_line_height=\u00bb1.8em\u00bb max_width=\u00bb60px\u00bb height=\u00bb0px\u00bb custom_margin=\u00bb0px||30px||false|false\u00bb custom_padding=\u00bb0px||0px||false|false\u00bb border_color_all=\u00bb#FFB356&#8243; border_width_bottom=\u00bb2px\u00bb border_color_bottom=\u00bb#ffb356&#8243; locked=\u00bboff\u00bb global_colors_info=\u00bb{}\u00bb][\/et_pb_text][\/et_pb_column][\/et_pb_row][et_pb_row column_structure=\u00bb1_2,1_2&#8243; _builder_version=\u00bb4.27.4&#8243; custom_padding=\u00bb||60px||false|false\u00bb global_colors_info=\u00bb{}\u00bb][et_pb_column type=\u00bb1_2&#8243; _builder_version=\u00bb4.16&#8243; custom_padding=\u00bb|||\u00bb global_colors_info=\u00bb{}\u00bb custom_padding__hover=\u00bb|||\u00bb][et_pb_text _builder_version=\u00bb4.27.5&#8243; text_font=\u00bb||||||||\u00bb text_text_color=\u00bb#FFFFFF\u00bb text_font_size=\u00bb16px\u00bb text_line_height=\u00bb1.8em\u00bb max_width=\u00bb600px\u00bb custom_margin=\u00bb||||false|false\u00bb custom_margin_tablet=\u00bb|||0px\u00bb custom_margin_phone=\u00bb\u00bb custom_margin_last_edited=\u00bbon|desktop\u00bb hover_enabled=\u00bb0&#8243; global_colors_info=\u00bb{}\u00bb sticky_enabled=\u00bb0&#8243;]<\/p>\n<p>La experiencia y saber hacer de los m\u00e1s de 60 a\u00f1os que Shockwave lleva trabajando en la producci\u00f3n de placas revestidas nos ha permitido llegar a clientes de diferentes industrias y a su vez, especializarnos en la fabricaci\u00f3n de productos espec\u00edficos para ciertos sectores como Triplate o Cryoclad, que facilitan sin duda su d\u00eda a d\u00eda, a la vez que respondemos con total eficiencia y rapidez ante la demanda de cualquier producto customizado de placas de placas revestidas que sea demandado.<\/p>\n<p>[\/et_pb_text][\/et_pb_column][et_pb_column type=\u00bb1_2&#8243; _builder_version=\u00bb4.16&#8243; custom_padding=\u00bb|||\u00bb global_colors_info=\u00bb{}\u00bb custom_padding__hover=\u00bb|||\u00bb][et_pb_image src=\u00bbhttps:\/\/shockwave-clad.com\/wp-content\/uploads\/2025\/09\/home-imagen-01.jpg\u00bb title_text=\u00bbhome-imagen-01&#8243; _builder_version=\u00bb4.27.4&#8243; _module_preset=\u00bbdefault\u00bb box_shadow_style=\u00bbpreset4&#8243; box_shadow_horizontal=\u00bb30px\u00bb box_shadow_vertical=\u00bb30px\u00bb box_shadow_spread=\u00bb10px\u00bb box_shadow_color=\u00bbrgba(255,255,255,0.3)\u00bb global_colors_info=\u00bb{}\u00bb][\/et_pb_image][\/et_pb_column][\/et_pb_row][\/et_pb_section][et_pb_section fb_built=\u00bb1&#8243; admin_label=\u00bbServices\u00bb _builder_version=\u00bb4.27.4&#8243; background_color=\u00bb#FFFFFF\u00bb custom_padding=\u00bb54px|0px|30px|0px|false|false\u00bb hover_enabled=\u00bb0&#8243; da_disable_devices=\u00bboff|off|off\u00bb locked=\u00bboff\u00bb global_colors_info=\u00bb{}\u00bb sticky_enabled=\u00bb0&#8243; da_is_popup=\u00bboff\u00bb da_exit_intent=\u00bboff\u00bb da_has_close=\u00bbon\u00bb da_alt_close=\u00bboff\u00bb da_dark_close=\u00bboff\u00bb da_not_modal=\u00bbon\u00bb da_is_singular=\u00bboff\u00bb da_with_loader=\u00bboff\u00bb da_has_shadow=\u00bbon\u00bb][et_pb_row column_structure=\u00bb1_2,1_2&#8243; _builder_version=\u00bb4.27.4&#8243; custom_padding=\u00bb27px|0px|20px|0px|false|false\u00bb global_colors_info=\u00bb{}\u00bb][et_pb_column type=\u00bb1_2&#8243; _builder_version=\u00bb4.16&#8243; custom_padding=\u00bb|||\u00bb global_colors_info=\u00bb{}\u00bb custom_padding__hover=\u00bb|||\u00bb][et_pb_text _builder_version=\u00bb4.27.5&#8243; text_font=\u00bb||||||||\u00bb header_6_font=\u00bbGoldman Sans|600|||||||\u00bb header_6_text_color=\u00bb#000000&#8243; header_6_font_size=\u00bb28px\u00bb custom_margin=\u00bb||0px||false|false\u00bb custom_padding=\u00bb||0px||false|false\u00bb hover_enabled=\u00bb0&#8243; border_color_all=\u00bb#FFB356&#8243; locked=\u00bboff\u00bb global_colors_info=\u00bb{}\u00bb sticky_enabled=\u00bb0&#8243;]<\/p>\n<h6>Entre las principales industrias en las que trabajamos se encuentran:<\/h6>\n<p>[\/et_pb_text][et_pb_text _builder_version=\u00bb4.27.5&#8243; text_font=\u00bb||||||||\u00bb header_6_font=\u00bbGoldman Sans|600|||||||\u00bb header_6_text_color=\u00bb#FFFFFF\u00bb header_6_font_size=\u00bb18px\u00bb header_6_line_height=\u00bb1.8em\u00bb max_width=\u00bb60px\u00bb height=\u00bb0px\u00bb custom_margin=\u00bb0px||30px||false|false\u00bb custom_padding=\u00bb0px||0px||false|false\u00bb hover_enabled=\u00bb0&#8243; border_color_all=\u00bb#FFB356&#8243; border_width_bottom=\u00bb2px\u00bb locked=\u00bboff\u00bb global_colors_info=\u00bb{}\u00bb border_color_bottom=\u00bb#000000&#8243; sticky_enabled=\u00bb0&#8243;][\/et_pb_text][\/et_pb_column][et_pb_column type=\u00bb1_2&#8243; _builder_version=\u00bb4.16&#8243; custom_padding=\u00bb|||\u00bb global_colors_info=\u00bb{}\u00bb custom_padding__hover=\u00bb|||\u00bb][\/et_pb_column][\/et_pb_row][et_pb_row column_structure=\u00bb1_3,1_3,1_3&#8243; _builder_version=\u00bb4.16&#8243; global_colors_info=\u00bb{}\u00bb][et_pb_column type=\u00bb1_3&#8243; _builder_version=\u00bb4.16&#8243; custom_padding=\u00bb|||\u00bb global_colors_info=\u00bb{}\u00bb custom_padding__hover=\u00bb|||\u00bb][et_pb_blurb title=\u00bbPetr\u00f3leo y Gas\u00bb image=\u00bbhttps:\/\/shockwave-clad.com\/wp-content\/uploads\/2025\/10\/OFFSHORE.png\u00bb image_icon_width=\u00bb90px\u00bb _builder_version=\u00bb4.27.4&#8243; header_font=\u00bbGoldman Sans|600|||||||\u00bb header_text_align=\u00bbcenter\u00bb header_text_color=\u00bb#000000&#8243; header_line_height=\u00bb1.8em\u00bb body_font=\u00bb||||||||\u00bb body_text_color=\u00bb#000000&#8243; body_line_height=\u00bb1.8em\u00bb background_layout=\u00bbdark\u00bb custom_margin=\u00bb||60px|\u00bb animation=\u00bboff\u00bb locked=\u00bboff\u00bb global_colors_info=\u00bb{}\u00bb][\/et_pb_blurb][et_pb_blurb title=\u00bbQu\u00edmica y petroqu\u00edmica\u00bb image=\u00bbhttps:\/\/shockwave-clad.com\/wp-content\/uploads\/2025\/10\/petroleo-2.png\u00bb image_icon_width=\u00bb90px\u00bb _builder_version=\u00bb4.27.4&#8243; header_font=\u00bbGoldman Sans|600|||||||\u00bb header_text_align=\u00bbcenter\u00bb header_text_color=\u00bb#000000&#8243; header_line_height=\u00bb1.8em\u00bb body_font=\u00bb||||||||\u00bb body_text_color=\u00bb#000000&#8243; body_line_height=\u00bb1.8em\u00bb background_layout=\u00bbdark\u00bb custom_margin=\u00bb||60px|\u00bb animation=\u00bboff\u00bb locked=\u00bboff\u00bb global_colors_info=\u00bb{}\u00bb][\/et_pb_blurb][\/et_pb_column][et_pb_column type=\u00bb1_3&#8243; _builder_version=\u00bb4.16&#8243; custom_padding=\u00bb|||\u00bb global_colors_info=\u00bb{}\u00bb custom_padding__hover=\u00bb|||\u00bb][et_pb_blurb title=\u00bbPlantas desalinizadoras\u00bb image=\u00bbhttps:\/\/shockwave-clad.com\/wp-content\/uploads\/2025\/10\/25.png\u00bb image_icon_width=\u00bb90px\u00bb _builder_version=\u00bb4.27.4&#8243; header_font=\u00bbGoldman Sans|600|||||||\u00bb header_text_align=\u00bbcenter\u00bb header_text_color=\u00bb#000000&#8243; header_line_height=\u00bb1.8em\u00bb body_font=\u00bb||||||||\u00bb body_text_color=\u00bb#000000&#8243; body_line_height=\u00bb1.8em\u00bb background_layout=\u00bbdark\u00bb custom_margin=\u00bb||60px|\u00bb animation=\u00bboff\u00bb locked=\u00bboff\u00bb global_colors_info=\u00bb{}\u00bb][\/et_pb_blurb][\/et_pb_column][et_pb_column type=\u00bb1_3&#8243; _builder_version=\u00bb4.16&#8243; custom_padding=\u00bb|||\u00bb global_colors_info=\u00bb{}\u00bb custom_padding__hover=\u00bb|||\u00bb][et_pb_blurb title=\u00bbEnerg\u00eda\u00bb image=\u00bbhttps:\/\/shockwave-clad.com\/wp-content\/uploads\/2025\/10\/ENERGETICA.png\u00bb image_icon_width=\u00bb90px\u00bb _builder_version=\u00bb4.27.4&#8243; header_font=\u00bbGoldman Sans|600|||||||\u00bb header_text_align=\u00bbcenter\u00bb header_text_color=\u00bb#000000&#8243; header_line_height=\u00bb1.8em\u00bb body_font=\u00bb||||||||\u00bb body_text_color=\u00bb#000000&#8243; body_line_height=\u00bb1.8em\u00bb background_layout=\u00bbdark\u00bb custom_margin=\u00bb||60px|\u00bb animation=\u00bboff\u00bb locked=\u00bboff\u00bb global_colors_info=\u00bb{}\u00bb][\/et_pb_blurb][et_pb_blurb title=\u00bbNaval\u00bb image=\u00bbhttps:\/\/shockwave-clad.com\/wp-content\/uploads\/2025\/10\/INDUSTRIA-NAVAL.png\u00bb image_icon_width=\u00bb90px\u00bb _builder_version=\u00bb4.27.4&#8243; header_font=\u00bbGoldman Sans|600|||||||\u00bb header_text_align=\u00bbcenter\u00bb header_text_color=\u00bb#000000&#8243; header_line_height=\u00bb1.8em\u00bb body_font=\u00bb||||||||\u00bb body_text_color=\u00bb#000000&#8243; body_line_height=\u00bb1.8em\u00bb background_layout=\u00bbdark\u00bb custom_margin=\u00bb||60px|\u00bb animation=\u00bboff\u00bb locked=\u00bboff\u00bb global_colors_info=\u00bb{}\u00bb][\/et_pb_blurb][\/et_pb_column][\/et_pb_row][et_pb_row disabled_on=\u00bboff|off|off\u00bb _builder_version=\u00bb4.27.4&#8243; module_alignment=\u00bbright\u00bb custom_padding=\u00bb30px|0px|0|0px|false|false\u00bb locked=\u00bboff\u00bb global_colors_info=\u00bb{}\u00bb][et_pb_column type=\u00bb4_4&#8243; _builder_version=\u00bb4.16&#8243; custom_padding=\u00bb|||\u00bb global_colors_info=\u00bb{}\u00bb custom_padding__hover=\u00bb|||\u00bb][et_pb_button button_url=\u00bb@ET-DC@eyJkeW5hbWljIjp0cnVlLCJjb250ZW50IjoicG9zdF9saW5rX3VybF9wYWdlIiwic2V0dGluZ3MiOnsicG9zdF9pZCI6IjIwIn19@\u00bb button_text=\u00bbContacta con nosotros\u00bb button_alignment=\u00bbright\u00bb _builder_version=\u00bb4.27.4&#8243; _dynamic_attributes=\u00bbbutton_url\u00bb custom_button=\u00bbon\u00bb button_text_size=\u00bb14px\u00bb button_bg_color=\u00bb#ffb356&#8243; button_border_color=\u00bb#4c96c8&#8243; button_border_radius=\u00bb0px\u00bb button_letter_spacing=\u00bb3px\u00bb button_font=\u00bbGoldman Sans|700||on|||||\u00bb button_icon=\u00bb&#x24;||divi||400&#8243; button_on_hover=\u00bboff\u00bb background_layout=\u00bbdark\u00bb custom_padding=\u00bb30px|70px|30px|70px|true|true\u00bb animation_style=\u00bbfold\u00bb animation_direction=\u00bbright\u00bb box_shadow_style=\u00bbpreset4&#8243; box_shadow_horizontal=\u00bb-30px\u00bb box_shadow_vertical=\u00bb-30px\u00bb box_shadow_spread=\u00bb-10px\u00bb box_shadow_color=\u00bbrgba(255,179,86,0.4)\u00bb global_colors_info=\u00bb{}\u00bb button_text_size__hover_enabled=\u00bboff\u00bb button_one_text_size__hover_enabled=\u00bboff\u00bb button_two_text_size__hover_enabled=\u00bboff\u00bb button_text_color__hover_enabled=\u00bboff\u00bb button_one_text_color__hover_enabled=\u00bboff\u00bb button_two_text_color__hover_enabled=\u00bboff\u00bb button_border_width__hover_enabled=\u00bboff\u00bb button_one_border_width__hover_enabled=\u00bboff\u00bb button_two_border_width__hover_enabled=\u00bboff\u00bb button_border_color__hover_enabled=\u00bboff\u00bb button_one_border_color__hover_enabled=\u00bboff\u00bb button_two_border_color__hover_enabled=\u00bboff\u00bb button_border_radius__hover_enabled=\u00bboff\u00bb button_one_border_radius__hover_enabled=\u00bboff\u00bb button_two_border_radius__hover_enabled=\u00bboff\u00bb button_letter_spacing__hover_enabled=\u00bboff\u00bb button_one_letter_spacing__hover_enabled=\u00bboff\u00bb button_two_letter_spacing__hover_enabled=\u00bboff\u00bb button_bg_color__hover_enabled=\u00bboff\u00bb button_one_bg_color__hover_enabled=\u00bboff\u00bb button_two_bg_color__hover_enabled=\u00bboff\u00bb][\/et_pb_button][\/et_pb_column][\/et_pb_row][\/et_pb_section]<\/p>\n","protected":false},"excerpt":{"rendered":"<p>IndustriasLa experiencia y saber hacer de los m\u00e1s de 60 a\u00f1os que Shockwave lleva trabajando en la producci\u00f3n de placas revestidas nos ha permitido llegar a clientes de diferentes industrias y a su vez, especializarnos en la fabricaci\u00f3n de productos espec\u00edficos para ciertos sectores como Triplate o Cryoclad, que facilitan sin duda su d\u00eda a [&hellip;]<\/p>\n","protected":false},"author":1,"featured_media":0,"parent":0,"menu_order":0,"comment_status":"closed","ping_status":"closed","template":"","meta":{"_et_pb_use_builder":"on","_et_pb_old_content":"","_et_gb_content_width":"","footnotes":""},"class_list":["post-1156","page","type-page","status-publish","hentry"],"yoast_head":"<!-- This site is optimized with the Yoast SEO plugin v27.4 - https:\/\/yoast.com\/product\/yoast-seo-wordpress\/ -->\n<title>Industrias en las que son aptas nuestras placas revestidas<\/title>\n<meta name=\"description\" content=\"Las placas revestidas de Shockwave est\u00e1n fabricadas con una gran resistencia y durabilidad para industrias como petr\u00f3leo, naviera, offshore, etc.\" \/>\n<meta name=\"robots\" content=\"index, follow, max-snippet:-1, max-image-preview:large, max-video-preview:-1\" \/>\n<link rel=\"canonical\" href=\"https:\/\/shockwave-clad.com\/es\/industrias\/\" \/>\n<meta property=\"og:locale\" content=\"es_ES\" \/>\n<meta property=\"og:type\" content=\"article\" \/>\n<meta property=\"og:title\" content=\"Industrias en las que son aptas nuestras placas revestidas\" \/>\n<meta property=\"og:description\" content=\"Las placas revestidas de Shockwave est\u00e1n fabricadas con una gran resistencia y durabilidad para industrias como petr\u00f3leo, naviera, offshore, etc.\" \/>\n<meta property=\"og:url\" content=\"https:\/\/shockwave-clad.com\/es\/industrias\/\" \/>\n<meta property=\"og:site_name\" content=\"Shockwave\" \/>\n<meta property=\"article:modified_time\" content=\"2026-01-14T10:43:11+00:00\" \/>\n<meta property=\"og:image\" content=\"https:\/\/shockwave-clad.com\/wp-content\/uploads\/2025\/12\/bc9ce71b-e94a-4f74-8aef-8218cb8ed95b.jpg\" \/>\n\t<meta property=\"og:image:width\" content=\"2048\" \/>\n\t<meta property=\"og:image:height\" content=\"1536\" \/>\n\t<meta property=\"og:image:type\" content=\"image\/jpeg\" \/>\n<meta name=\"twitter:card\" content=\"summary_large_image\" \/>\n<meta name=\"twitter:label1\" content=\"Tiempo de lectura\" \/>\n\t<meta name=\"twitter:data1\" content=\"2 minutos\" \/>\n<script type=\"application\/ld+json\" class=\"yoast-schema-graph\">{\"@context\":\"https:\\\/\\\/schema.org\",\"@graph\":[{\"@type\":\"WebPage\",\"@id\":\"https:\\\/\\\/shockwave-clad.com\\\/es\\\/industrias\\\/\",\"url\":\"https:\\\/\\\/shockwave-clad.com\\\/es\\\/industrias\\\/\",\"name\":\"Industrias en las que son aptas nuestras placas revestidas\",\"isPartOf\":{\"@id\":\"https:\\\/\\\/shockwave-clad.com\\\/es\\\/#website\"},\"datePublished\":\"2025-10-07T18:44:43+00:00\",\"dateModified\":\"2026-01-14T10:43:11+00:00\",\"description\":\"Las placas revestidas de Shockwave est\u00e1n fabricadas con una gran resistencia y durabilidad para industrias como petr\u00f3leo, naviera, offshore, etc.\",\"breadcrumb\":{\"@id\":\"https:\\\/\\\/shockwave-clad.com\\\/es\\\/industrias\\\/#breadcrumb\"},\"inLanguage\":\"es\",\"potentialAction\":[{\"@type\":\"ReadAction\",\"target\":[\"https:\\\/\\\/shockwave-clad.com\\\/es\\\/industrias\\\/\"]}]},{\"@type\":\"BreadcrumbList\",\"@id\":\"https:\\\/\\\/shockwave-clad.com\\\/es\\\/industrias\\\/#breadcrumb\",\"itemListElement\":[{\"@type\":\"ListItem\",\"position\":1,\"name\":\"Home\",\"item\":\"https:\\\/\\\/shockwave-clad.com\\\/es\\\/\"},{\"@type\":\"ListItem\",\"position\":2,\"name\":\"Industrias\"}]},{\"@type\":\"WebSite\",\"@id\":\"https:\\\/\\\/shockwave-clad.com\\\/es\\\/#website\",\"url\":\"https:\\\/\\\/shockwave-clad.com\\\/es\\\/\",\"name\":\"Shockwave\",\"description\":\"Shockwave Metalworking Technologies\",\"publisher\":{\"@id\":\"https:\\\/\\\/shockwave-clad.com\\\/es\\\/#organization\"},\"alternateName\":\"Shockwave Metalworking Technologies\",\"potentialAction\":[{\"@type\":\"SearchAction\",\"target\":{\"@type\":\"EntryPoint\",\"urlTemplate\":\"https:\\\/\\\/shockwave-clad.com\\\/es\\\/?s={search_term_string}\"},\"query-input\":{\"@type\":\"PropertyValueSpecification\",\"valueRequired\":true,\"valueName\":\"search_term_string\"}}],\"inLanguage\":\"es\"},{\"@type\":\"Organization\",\"@id\":\"https:\\\/\\\/shockwave-clad.com\\\/es\\\/#organization\",\"name\":\"Shockwave Metalworking Technologies BV\",\"alternateName\":\"Shockwave\",\"url\":\"https:\\\/\\\/shockwave-clad.com\\\/es\\\/\",\"logo\":{\"@type\":\"ImageObject\",\"inLanguage\":\"es\",\"@id\":\"https:\\\/\\\/shockwave-clad.com\\\/es\\\/#\\\/schema\\\/logo\\\/image\\\/\",\"url\":\"https:\\\/\\\/shockwave-clad.com\\\/wp-content\\\/uploads\\\/2025\\\/09\\\/logo-shockwave.png\",\"contentUrl\":\"https:\\\/\\\/shockwave-clad.com\\\/wp-content\\\/uploads\\\/2025\\\/09\\\/logo-shockwave.png\",\"width\":300,\"height\":343,\"caption\":\"Shockwave Metalworking Technologies BV\"},\"image\":{\"@id\":\"https:\\\/\\\/shockwave-clad.com\\\/es\\\/#\\\/schema\\\/logo\\\/image\\\/\"},\"sameAs\":[\"https:\\\/\\\/www.linkedin.com\\\/company\\\/shockwave-metalworking-technologies-b-v\\\/\"]}]}<\/script>\n<!-- \/ Yoast SEO plugin. -->","yoast_head_json":{"title":"Industrias en las que son aptas nuestras placas revestidas","description":"Las placas revestidas de Shockwave est\u00e1n fabricadas con una gran resistencia y durabilidad para industrias como petr\u00f3leo, naviera, offshore, etc.","robots":{"index":"index","follow":"follow","max-snippet":"max-snippet:-1","max-image-preview":"max-image-preview:large","max-video-preview":"max-video-preview:-1"},"canonical":"https:\/\/shockwave-clad.com\/es\/industrias\/","og_locale":"es_ES","og_type":"article","og_title":"Industrias en las que son aptas nuestras placas revestidas","og_description":"Las placas revestidas de Shockwave est\u00e1n fabricadas con una gran resistencia y durabilidad para industrias como petr\u00f3leo, naviera, offshore, etc.","og_url":"https:\/\/shockwave-clad.com\/es\/industrias\/","og_site_name":"Shockwave","article_modified_time":"2026-01-14T10:43:11+00:00","og_image":[{"width":2048,"height":1536,"url":"https:\/\/shockwave-clad.com\/wp-content\/uploads\/2025\/12\/bc9ce71b-e94a-4f74-8aef-8218cb8ed95b.jpg","type":"image\/jpeg"}],"twitter_card":"summary_large_image","twitter_misc":{"Tiempo de lectura":"2 minutos"},"schema":{"@context":"https:\/\/schema.org","@graph":[{"@type":"WebPage","@id":"https:\/\/shockwave-clad.com\/es\/industrias\/","url":"https:\/\/shockwave-clad.com\/es\/industrias\/","name":"Industrias en las que son aptas nuestras placas revestidas","isPartOf":{"@id":"https:\/\/shockwave-clad.com\/es\/#website"},"datePublished":"2025-10-07T18:44:43+00:00","dateModified":"2026-01-14T10:43:11+00:00","description":"Las placas revestidas de Shockwave est\u00e1n fabricadas con una gran resistencia y durabilidad para industrias como petr\u00f3leo, naviera, offshore, etc.","breadcrumb":{"@id":"https:\/\/shockwave-clad.com\/es\/industrias\/#breadcrumb"},"inLanguage":"es","potentialAction":[{"@type":"ReadAction","target":["https:\/\/shockwave-clad.com\/es\/industrias\/"]}]},{"@type":"BreadcrumbList","@id":"https:\/\/shockwave-clad.com\/es\/industrias\/#breadcrumb","itemListElement":[{"@type":"ListItem","position":1,"name":"Home","item":"https:\/\/shockwave-clad.com\/es\/"},{"@type":"ListItem","position":2,"name":"Industrias"}]},{"@type":"WebSite","@id":"https:\/\/shockwave-clad.com\/es\/#website","url":"https:\/\/shockwave-clad.com\/es\/","name":"Shockwave","description":"Shockwave Metalworking Technologies","publisher":{"@id":"https:\/\/shockwave-clad.com\/es\/#organization"},"alternateName":"Shockwave Metalworking Technologies","potentialAction":[{"@type":"SearchAction","target":{"@type":"EntryPoint","urlTemplate":"https:\/\/shockwave-clad.com\/es\/?s={search_term_string}"},"query-input":{"@type":"PropertyValueSpecification","valueRequired":true,"valueName":"search_term_string"}}],"inLanguage":"es"},{"@type":"Organization","@id":"https:\/\/shockwave-clad.com\/es\/#organization","name":"Shockwave Metalworking Technologies BV","alternateName":"Shockwave","url":"https:\/\/shockwave-clad.com\/es\/","logo":{"@type":"ImageObject","inLanguage":"es","@id":"https:\/\/shockwave-clad.com\/es\/#\/schema\/logo\/image\/","url":"https:\/\/shockwave-clad.com\/wp-content\/uploads\/2025\/09\/logo-shockwave.png","contentUrl":"https:\/\/shockwave-clad.com\/wp-content\/uploads\/2025\/09\/logo-shockwave.png","width":300,"height":343,"caption":"Shockwave Metalworking Technologies BV"},"image":{"@id":"https:\/\/shockwave-clad.com\/es\/#\/schema\/logo\/image\/"},"sameAs":["https:\/\/www.linkedin.com\/company\/shockwave-metalworking-technologies-b-v\/"]}]}},"_hostinger_reach_plugin_has_subscription_block":false,"_hostinger_reach_plugin_is_elementor":false,"_links":{"self":[{"href":"https:\/\/shockwave-clad.com\/es\/wp-json\/wp\/v2\/pages\/1156","targetHints":{"allow":["GET"]}}],"collection":[{"href":"https:\/\/shockwave-clad.com\/es\/wp-json\/wp\/v2\/pages"}],"about":[{"href":"https:\/\/shockwave-clad.com\/es\/wp-json\/wp\/v2\/types\/page"}],"author":[{"embeddable":true,"href":"https:\/\/shockwave-clad.com\/es\/wp-json\/wp\/v2\/users\/1"}],"replies":[{"embeddable":true,"href":"https:\/\/shockwave-clad.com\/es\/wp-json\/wp\/v2\/comments?post=1156"}],"version-history":[{"count":13,"href":"https:\/\/shockwave-clad.com\/es\/wp-json\/wp\/v2\/pages\/1156\/revisions"}],"predecessor-version":[{"id":2642,"href":"https:\/\/shockwave-clad.com\/es\/wp-json\/wp\/v2\/pages\/1156\/revisions\/2642"}],"wp:attachment":[{"href":"https:\/\/shockwave-clad.com\/es\/wp-json\/wp\/v2\/media?parent=1156"}],"curies":[{"name":"wp","href":"https:\/\/api.w.org\/{rel}","templated":true}]}}